{"id":99,"date":"2025-10-17T09:46:05","date_gmt":"2025-10-17T09:46:05","guid":{"rendered":"https:\/\/zwerger-brennholz.de\/?page_id=99"},"modified":"2025-10-17T09:46:05","modified_gmt":"2025-10-17T09:46:05","slug":"impressum","status":"publish","type":"page","link":"https:\/\/zwerger-brennholz.de\/index.php\/impressum\/","title":{"rendered":"Impressum"},"content":{"rendered":"\r\n<h1 class=\"wp-block-heading\">Impressum<\/h1>\r\n<h2>Angaben gem\u00e4\u00df \u00a7 5 TMG<\/h2>\r\n<p>Gerald Zwerger<br \/>Brennholzhandel<br \/>Unterer Kirchberg 17<br \/>97941 Tauberbischofsheim-Dienstadt<\/p>\r\n<p>\ud83d\udcde Telefon: 0 93 41 \/ 95 777<br \/>\ud83d\udcf1 Mobil: 0160 \/ 99 100 733<br \/>\u2709\ufe0f E-Mail:\u00a0<a href=\"mailto:g.zwerger@t-online.de\">g.zwerger@t-online.de<\/a><\/p>\r\n<h2>Vertreten durch<\/h2>\r\n<p>Gerald Zwerger<\/p>\r\n<h2>Umsatzsteuer-ID<\/h2>\r\n<p>Umsatzsteuer-Identifikationsnummer gem\u00e4\u00df \u00a7 27a Umsatzsteuergesetz:<br \/>DE123456789<\/p>\r\n<h2>Verantwortlich f\u00fcr den Inhalt nach \u00a7 55 Abs. 2 RStV<\/h2>\r\n<p>Gerald Zwerger<br \/>Unterer Kirchberg 17<br \/>97941 Tauberbischofsheim-Dienstadt<\/p>\r\n<h2>Haftungsausschluss<\/h2>\r\n<p>Die Inhalte dieser Webseite wurden mit gr\u00f6\u00dfter Sorgfalt erstellt. F\u00fcr die Richtigkeit, Vollst\u00e4ndigkeit und Aktualit\u00e4t der Inhalte kann ich jedoch keine Gew\u00e4hr \u00fcbernehmen.<\/p>\r\n<p>Als Diensteanbieter bin ich gem\u00e4\u00df \u00a7 7 Abs.1 TMG f\u00fcr eigene Inhalte auf diesen Seiten nach den allgemeinen Gesetzen verantwortlich. Nach \u00a7\u00a7 8 bis 10 TMG bin ich jedoch nicht verpflichtet, \u00fcbermittelte oder gespeicherte fremde Informationen zu \u00fcberwachen oder nach Umst\u00e4nden zu forschen, die auf eine rechtswidrige T\u00e4tigkeit hinweisen.<\/p>\r\n<p>Verpflichtungen zur Entfernung oder Sperrung der Nutzung von Informationen nach den allgemeinen Gesetzen bleiben hiervon unber\u00fchrt. Eine diesbez\u00fcgliche Haftung ist jedoch erst ab dem Zeitpunkt der Kenntnis einer konkreten Rechtsverletzung m\u00f6glich. Bei Bekanntwerden von entsprechenden Rechtsverletzungen werde ich diese Inhalte umgehend entfernen.<\/p>\r\n<h2>Urheberrecht<\/h2>\r\n<p>Die durch die Seitenbetreiber erstellten Inhalte und Werke auf diesen Seiten unterliegen dem deutschen Urheberrecht. Beitr\u00e4ge Dritter sind als solche gekennzeichnet. Die Vervielf\u00e4ltigung, Bearbeitung, Verbreitung und jede Art der Verwertung au\u00dferhalb der Grenzen des Urheberrechtes bed\u00fcrfen der schriftlichen Zustimmung des jeweilig<\/p>","protected":false},"excerpt":{"rendered":"<p>Impressum Angaben gem\u00e4\u00df \u00a7 5 TMG Gerald ZwergerBrennholzhandelUnterer Kirchberg 1797941 Tauberbischofsheim-Dienstadt \ud83d\udcde Telefon: 0 93 41 \/ 95 777\ud83d\udcf1 Mobil: 0160 \/ 99 100 733\u2709\ufe0f E-Mail:\u00a0g.zwerger@t-online.de Vertreten durch Gerald Zwerger Umsatzsteuer-ID Umsatzsteuer-Identifikationsnummer gem\u00e4\u00df \u00a7 27a Umsatzsteuergesetz:DE123456789 Verantwortlich f\u00fcr den Inhalt nach \u00a7 55 Abs. 2 RStV Gerald ZwergerUnterer Kirchberg 1797941 Tauberbischofsheim-Dienstadt Haftungsausschluss Die Inhalte dieser [&hellip;]<\/p>\n","protected":false},"author":1,"featured_media":0,"parent":0,"menu_order":0,"comment_status":"closed","ping_status":"closed","template":"","meta":{"footnotes":""},"class_list":["post-99","page","type-page","status-publish","hentry"],"_links":{"self":[{"href":"https:\/\/zwerger-brennholz.de\/index.php\/wp-json\/wp\/v2\/pages\/99","targetHints":{"allow":["GET"]}}],"collection":[{"href":"https:\/\/zwerger-brennholz.de\/index.php\/wp-json\/wp\/v2\/pages"}],"about":[{"href":"https:\/\/zwerger-brennholz.de\/index.php\/wp-json\/wp\/v2\/types\/page"}],"author":[{"embeddable":true,"href":"https:\/\/zwerger-brennholz.de\/index.php\/wp-json\/wp\/v2\/users\/1"}],"replies":[{"embeddable":true,"href":"https:\/\/zwerger-brennholz.de\/index.php\/wp-json\/wp\/v2\/comments?post=99"}],"version-history":[{"count":1,"href":"https:\/\/zwerger-brennholz.de\/index.php\/wp-json\/wp\/v2\/pages\/99\/revisions"}],"predecessor-version":[{"id":100,"href":"https:\/\/zwerger-brennholz.de\/index.php\/wp-json\/wp\/v2\/pages\/99\/revisions\/100"}],"wp:attachment":[{"href":"https:\/\/zwerger-brennholz.de\/index.php\/wp-json\/wp\/v2\/media?parent=99"}],"curies":[{"name":"wp","href":"https:\/\/api.w.org\/{rel}","templated":true}]}}